{"id":13,"date":"2018-01-02T12:14:44","date_gmt":"2018-01-02T11:14:44","guid":{"rendered":"http:\/\/isaureanska.com\/?page_id=13"},"modified":"2018-04-11T22:56:42","modified_gmt":"2018-04-11T20:56:42","slug":"photo-coul","status":"publish","type":"page","link":"https:\/\/isaureanska.com\/index.php\/photo-coul\/","title":{"rendered":"photo-coul"},"content":{"rendered":"<p>[vc_row][vc_column width=\u00a0\u00bb1\/4&Prime;][vc_single_image image=\u00a0\u00bb347&Prime; img_size=\u00a0\u00bblarge\u00a0\u00bb onclick=\u00a0\u00bblink_image\u00a0\u00bb image_hovers=\u00a0\u00bbfalse\u00a0\u00bb][vc_column_text]<em>Jour de pluie<\/em>, 2018[\/vc_column_text][vc_empty_space height=\u00a0\u00bb20px\u00a0\u00bb][vc_single_image image=\u00a0\u00bb346&Prime; img_size=\u00a0\u00bblarge\u00a0\u00bb onclick=\u00a0\u00bblink_image\u00a0\u00bb image_hovers=\u00a0\u00bbfalse\u00a0\u00bb lazy_loading=\u00a0\u00bbtrue\u00a0\u00bb][vc_column_text]<em>Temps de l&rsquo;Inde<\/em>, 2018[\/vc_column_text][vc_empty_space height=\u00a0\u00bb20px\u00a0\u00bb][vc_single_image image=\u00a0\u00bb336&Prime; img_size=\u00a0\u00bblarge\u00a0\u00bb onclick=\u00a0\u00bblink_image\u00a0\u00bb image_hovers=\u00a0\u00bbfalse\u00a0\u00bb lazy_loading=\u00a0\u00bbtrue\u00a0\u00bb][vc_column_text]<em>Peinture de la lumi\u00e8re<\/em>, 2017[\/vc_column_text][vc_empty_space height=\u00a0\u00bb20px\u00a0\u00bb][vc_single_image image=\u00a0\u00bb139&Prime; img_size=\u00a0\u00bblarge\u00a0\u00bb onclick=\u00a0\u00bblink_image\u00a0\u00bb image_hovers=\u00a0\u00bbfalse\u00a0\u00bb lazy_loading=\u00a0\u00bbtrue\u00a0\u00bb][vc_column_text]<em>M\u00e8re \u00e0 l&rsquo;enfant<\/em>, 2016[\/vc_column_text][vc_empty_space height=\u00a0\u00bb20px\u00a0\u00bb][vc_single_image image=\u00a0\u00bb154&Prime; img_size=\u00a0\u00bblarge\u00a0\u00bb onclick=\u00a0\u00bblink_image\u00a0\u00bb image_hovers=\u00a0\u00bbfalse\u00a0\u00bb][vc_column_text]<em>V\u00e9g\u00e9tation tropicale<\/em>, 2016[\/vc_column_text][vc_empty_space height=\u00a0\u00bb20px\u00a0\u00bb][vc_single_image image=\u00a0\u00bb156&Prime; img_size=\u00a0\u00bblarge\u00a0\u00bb onclick=\u00a0\u00bblink_image\u00a0\u00bb image_hovers=\u00a0\u00bbfalse\u00a0\u00bb][vc_column_text]<em>Pluie et atmosph\u00e8re<\/em>, 2016[\/vc_column_text][vc_empty_space height=\u00a0\u00bb20px\u00a0\u00bb][vc_single_image image=\u00a0\u00bb162&Prime; img_size=\u00a0\u00bblarge\u00a0\u00bb onclick=\u00a0\u00bblink_image\u00a0\u00bb image_hovers=\u00a0\u00bbfalse\u00a0\u00bb][vc_column_text]<em>\u00c9den<\/em>, 2016[\/vc_column_text][vc_empty_space height=\u00a0\u00bb20px\u00a0\u00bb][vc_single_image image=\u00a0\u00bb164&Prime; img_size=\u00a0\u00bblarge\u00a0\u00bb onclick=\u00a0\u00bblink_image\u00a0\u00bb image_hovers=\u00a0\u00bbfalse\u00a0\u00bb][vc_column_text]<em>Atmosph\u00e8re d&rsquo;Espagne<\/em>, 2016[\/vc_column_text][vc_empty_space height=\u00a0\u00bb20px\u00a0\u00bb][\/vc_column][vc_column width=\u00a0\u00bb1\/4&Prime;][vc_single_image image=\u00a0\u00bb351&Prime; img_size=\u00a0\u00bblarge\u00a0\u00bb onclick=\u00a0\u00bblink_image\u00a0\u00bb image_hovers=\u00a0\u00bbfalse\u00a0\u00bb lazy_loading=\u00a0\u00bbtrue\u00a0\u00bb][vc_column_text]<em>Femme du pays<\/em>, 2018[\/vc_column_text][vc_empty_space height=\u00a0\u00bb20px\u00a0\u00bb][vc_single_image image=\u00a0\u00bb342&Prime; img_size=\u00a0\u00bblarge\u00a0\u00bb onclick=\u00a0\u00bblink_image\u00a0\u00bb image_hovers=\u00a0\u00bbfalse\u00a0\u00bb][vc_column_text]<em>Les roses<\/em>, 2017[\/vc_column_text][vc_empty_space height=\u00a0\u00bb20px\u00a0\u00bb][vc_single_image image=\u00a0\u00bb338&Prime; img_size=\u00a0\u00bblarge\u00a0\u00bb onclick=\u00a0\u00bblink_image\u00a0\u00bb image_hovers=\u00a0\u00bbfalse\u00a0\u00bb][vc_column_text]<em>Femme du pays<\/em>, 2018[\/vc_column_text][vc_empty_space height=\u00a0\u00bb20px\u00a0\u00bb][vc_single_image image=\u00a0\u00bb142&Prime; img_size=\u00a0\u00bblarge\u00a0\u00bb onclick=\u00a0\u00bblink_image\u00a0\u00bb image_hovers=\u00a0\u00bbfalse\u00a0\u00bb][vc_column_text]<em>L&rsquo;enfant et les fleurs<\/em>, 2016[\/vc_column_text][vc_empty_space height=\u00a0\u00bb20px\u00a0\u00bb][vc_single_image image=\u00a0\u00bb147&Prime; img_size=\u00a0\u00bblarge\u00a0\u00bb onclick=\u00a0\u00bblink_image\u00a0\u00bb image_hovers=\u00a0\u00bbfalse\u00a0\u00bb][vc_column_text]<em>La lumi\u00e8re pr\u00e9rapha\u00e9lite<\/em>, 2016[\/vc_column_text][vc_empty_space height=\u00a0\u00bb20px\u00a0\u00bb][vc_single_image image=\u00a0\u00bb157&Prime; img_size=\u00a0\u00bblarge\u00a0\u00bb onclick=\u00a0\u00bblink_image\u00a0\u00bb image_hovers=\u00a0\u00bbfalse\u00a0\u00bb][vc_column_text]<em>Le printemps rouge<\/em>, 2017[\/vc_column_text][vc_empty_space height=\u00a0\u00bb20px\u00a0\u00bb][vc_single_image image=\u00a0\u00bb163&Prime; img_size=\u00a0\u00bblarge\u00a0\u00bb onclick=\u00a0\u00bblink_image\u00a0\u00bb image_hovers=\u00a0\u00bbfalse\u00a0\u00bb][vc_column_text]<em>Les s\u0153urs<\/em>, 2014[\/vc_column_text][vc_empty_space height=\u00a0\u00bb20px\u00a0\u00bb][vc_single_image image=\u00a0\u00bb167&Prime; img_size=\u00a0\u00bblarge\u00a0\u00bb onclick=\u00a0\u00bblink_image\u00a0\u00bb image_hovers=\u00a0\u00bbfalse\u00a0\u00bb][vc_column_text]<em>La mer<\/em>, 2014[\/vc_column_text][vc_empty_space height=\u00a0\u00bb20px\u00a0\u00bb][vc_single_image image=\u00a0\u00bb168&Prime; img_size=\u00a0\u00bblarge\u00a0\u00bb onclick=\u00a0\u00bblink_image\u00a0\u00bb image_hovers=\u00a0\u00bbfalse\u00a0\u00bb][vc_column_text]<em>La lumi\u00e8re de l&rsquo;Orientalisme<\/em>, 2014<br \/>\nBijoux : <a href=\"https:\/\/www.bijoux-veronique-jeantet.com\/\">https:\/\/www.bijoux-veronique-jeantet.com\/<\/a>[\/vc_column_text][vc_empty_space height=\u00a0\u00bb20px\u00a0\u00bb][\/vc_column][vc_column width=\u00a0\u00bb1\/4&Prime;][vc_single_image image=\u00a0\u00bb364&Prime; img_size=\u00a0\u00bblarge\u00a0\u00bb onclick=\u00a0\u00bblink_image\u00a0\u00bb image_hovers=\u00a0\u00bbfalse\u00a0\u00bb][vc_column_text]<em>Jeune femme du pays lointain<\/em>, 2018[\/vc_column_text][vc_empty_space height=\u00a0\u00bb20px\u00a0\u00bb][vc_single_image image=\u00a0\u00bb355&Prime; img_size=\u00a0\u00bblarge\u00a0\u00bb onclick=\u00a0\u00bblink_image\u00a0\u00bb image_hovers=\u00a0\u00bbfalse\u00a0\u00bb][vc_column_text]<em>L&rsquo;annonciation d&rsquo;un nouveau jour<\/em>, 2017[\/vc_column_text][vc_empty_space height=\u00a0\u00bb20px\u00a0\u00bb][vc_single_image image=\u00a0\u00bb340&Prime; img_size=\u00a0\u00bblarge\u00a0\u00bb onclick=\u00a0\u00bblink_image\u00a0\u00bb image_hovers=\u00a0\u00bbfalse\u00a0\u00bb][vc_column_text]<em>Le printemps<\/em>, 2017[\/vc_column_text][vc_empty_space height=\u00a0\u00bb20px\u00a0\u00bb][vc_single_image image=\u00a0\u00bb144&Prime; img_size=\u00a0\u00bblarge\u00a0\u00bb onclick=\u00a0\u00bblink_image\u00a0\u00bb image_hovers=\u00a0\u00bbfalse\u00a0\u00bb][vc_column_text]<em>Orient<\/em>, 2015[\/vc_column_text][vc_empty_space height=\u00a0\u00bb20px\u00a0\u00bb][vc_single_image image=\u00a0\u00bb151&Prime; img_size=\u00a0\u00bblarge\u00a0\u00bb onclick=\u00a0\u00bblink_image\u00a0\u00bb image_hovers=\u00a0\u00bbfalse\u00a0\u00bb][vc_column_text]<em>Espagne en fleurs<\/em>, 2016[\/vc_column_text][vc_empty_space height=\u00a0\u00bb20px\u00a0\u00bb][vc_single_image image=\u00a0\u00bb158&Prime; img_size=\u00a0\u00bblarge\u00a0\u00bb onclick=\u00a0\u00bblink_image\u00a0\u00bb image_hovers=\u00a0\u00bbfalse\u00a0\u00bb][vc_column_text]<em>Sainte Russie<\/em>, 2014[\/vc_column_text][vc_empty_space height=\u00a0\u00bb20px\u00a0\u00bb][vc_single_image image=\u00a0\u00bb176&Prime; img_size=\u00a0\u00bblarge\u00a0\u00bb onclick=\u00a0\u00bblink_image\u00a0\u00bb image_hovers=\u00a0\u00bbfalse\u00a0\u00bb][vc_column_text]<em>Madone Russe<\/em>, 2015[\/vc_column_text][vc_empty_space height=\u00a0\u00bb20px\u00a0\u00bb][\/vc_column][vc_column width=\u00a0\u00bb1\/4&Prime;][vc_single_image image=\u00a0\u00bb362&Prime; img_size=\u00a0\u00bblarge\u00a0\u00bb onclick=\u00a0\u00bblink_image\u00a0\u00bb image_hovers=\u00a0\u00bbfalse\u00a0\u00bb][vc_column_text]<em>\u00c2me slave<\/em>, 2017[\/vc_column_text][vc_empty_space height=\u00a0\u00bb20px\u00a0\u00bb][vc_single_image image=\u00a0\u00bb349&Prime; img_size=\u00a0\u00bblarge\u00a0\u00bb onclick=\u00a0\u00bblink_image\u00a0\u00bb image_hovers=\u00a0\u00bbfalse\u00a0\u00bb][vc_column_text]<em>R\u00eave et Orient<\/em>, 2018[\/vc_column_text][vc_empty_space height=\u00a0\u00bb20px\u00a0\u00bb][vc_single_image image=\u00a0\u00bb344&Prime; img_size=\u00a0\u00bblarge\u00a0\u00bb onclick=\u00a0\u00bblink_image\u00a0\u00bb image_hovers=\u00a0\u00bbfalse\u00a0\u00bb][vc_column_text]<em>La lumi\u00e8re slave<\/em>, 2017[\/vc_column_text][vc_empty_space height=\u00a0\u00bb20px\u00a0\u00bb][vc_single_image image=\u00a0\u00bb141&Prime; img_size=\u00a0\u00bblarge\u00a0\u00bb onclick=\u00a0\u00bblink_image\u00a0\u00bb image_hovers=\u00a0\u00bbfalse\u00a0\u00bb][vc_column_text]<em>Sainte et la lumi\u00e8re<\/em>, 2016[\/vc_column_text][vc_empty_space height=\u00a0\u00bb20px\u00a0\u00bb][vc_single_image image=\u00a0\u00bb152&Prime; img_size=\u00a0\u00bblarge\u00a0\u00bb onclick=\u00a0\u00bblink_image\u00a0\u00bb image_hovers=\u00a0\u00bbfalse\u00a0\u00bb lazy_loading=\u00a0\u00bbtrue\u00a0\u00bb][vc_column_text]<em>Lumi\u00e8re de l&rsquo;aurore<\/em>, 2017[\/vc_column_text][vc_empty_space height=\u00a0\u00bb20px\u00a0\u00bb][vc_single_image image=\u00a0\u00bb159&Prime; img_size=\u00a0\u00bblarge\u00a0\u00bb onclick=\u00a0\u00bblink_image\u00a0\u00bb image_hovers=\u00a0\u00bbfalse\u00a0\u00bb lazy_loading=\u00a0\u00bbtrue\u00a0\u00bb][vc_column_text]<em>Orientalisme<\/em>, 2014<br \/>\nBijoux : <a href=\"https:\/\/www.bijoux-veronique-jeantet.com\/\">https:\/\/www.bijoux-veronique-jeantet.com\/<\/a>[\/vc_column_text][vc_empty_space height=\u00a0\u00bb20px\u00a0\u00bb][vc_single_image image=\u00a0\u00bb170&Prime; img_size=\u00a0\u00bblarge\u00a0\u00bb onclick=\u00a0\u00bblink_image\u00a0\u00bb image_hovers=\u00a0\u00bbfalse\u00a0\u00bb lazy_loading=\u00a0\u00bbtrue\u00a0\u00bb][vc_column_text]<em>Les eaux du songe<\/em>, 2016[\/vc_column_text][vc_empty_space height=\u00a0\u00bb20px\u00a0\u00bb][vc_single_image image=\u00a0\u00bb173&Prime; img_size=\u00a0\u00bblarge\u00a0\u00bb onclick=\u00a0\u00bblink_image\u00a0\u00bb image_hovers=\u00a0\u00bbfalse\u00a0\u00bb lazy_loading=\u00a0\u00bbtrue\u00a0\u00bb][vc_column_text]<em>Le printemps rouge<\/em>, 2017[\/vc_column_text][vc_empty_space height=\u00a0\u00bb20px\u00a0\u00bb][\/vc_column][\/vc_row]<\/p>\n","protected":false},"excerpt":{"rendered":"<p>[vc_row][vc_column width=\u00a0\u00bb1\/4&Prime;][vc_single_image image=\u00a0\u00bb347&Prime; img_size=\u00a0\u00bblarge\u00a0\u00bb onclick=\u00a0\u00bblink_image\u00a0\u00bb image_hovers=\u00a0\u00bbfalse\u00a0\u00bb][vc_column_text]Jour de pluie, 2018[\/vc_column_text][vc_empty_space height=\u00a0\u00bb20px\u00a0\u00bb][vc_single_image image=\u00a0\u00bb346&Prime; img_size=\u00a0\u00bblarge\u00a0\u00bb onclick=\u00a0\u00bblink_image\u00a0\u00bb image_hovers=\u00a0\u00bbfalse\u00a0\u00bb lazy_loading=\u00a0\u00bbtrue\u00a0\u00bb][vc_column_text]Temps de l&rsquo;Inde, 2018[\/vc_column_text][vc_empty_space height=\u00a0\u00bb20px\u00a0\u00bb][vc_single_image image=\u00a0\u00bb336&Prime; img_size=\u00a0\u00bblarge\u00a0\u00bb onclick=\u00a0\u00bblink_image\u00a0\u00bb image_hovers=\u00a0\u00bbfalse\u00a0\u00bb lazy_loading=\u00a0\u00bbtrue\u00a0\u00bb][vc_column_text]Peinture de la lumi\u00e8re, 2017[\/vc_column_text][vc_empty_space height=\u00a0\u00bb20px\u00a0\u00bb][vc_single_image image=\u00a0\u00bb139&Prime; img_size=\u00a0\u00bblarge\u00a0\u00bb onclick=\u00a0\u00bblink_image\u00a0\u00bb image_hovers=\u00a0\u00bbfalse\u00a0\u00bb lazy_loading=\u00a0\u00bbtrue\u00a0\u00bb][vc_column_text]M\u00e8re \u00e0 l&rsquo;enfant, 2016[\/vc_column_text][vc_empty_space height=\u00a0\u00bb20px\u00a0\u00bb][vc_single_image image=\u00a0\u00bb154&Prime; img_size=\u00a0\u00bblarge\u00a0\u00bb onclick=\u00a0\u00bblink_image\u00a0\u00bb image_hovers=\u00a0\u00bbfalse\u00a0\u00bb][vc_column_text]V\u00e9g\u00e9tation tropicale, 2016[\/vc_column_text][vc_empty_space height=\u00a0\u00bb20px\u00a0\u00bb][vc_single_image image=\u00a0\u00bb156&Prime; img_size=\u00a0\u00bblarge\u00a0\u00bb onclick=\u00a0\u00bblink_image\u00a0\u00bb image_hovers=\u00a0\u00bbfalse\u00a0\u00bb][vc_column_text]Pluie et atmosph\u00e8re, 2016[\/vc_column_text][vc_empty_space height=\u00a0\u00bb20px\u00a0\u00bb][vc_single_image image=\u00a0\u00bb162&Prime; img_size=\u00a0\u00bblarge\u00a0\u00bb&hellip;<\/p>\n","protected":false},"author":1,"featured_media":0,"parent":0,"menu_order":0,"comment_status":"closed","ping_status":"closed","template":"","meta":[],"_links":{"self":[{"href":"https:\/\/isaureanska.com\/index.php\/wp-json\/wp\/v2\/pages\/13"}],"collection":[{"href":"https:\/\/isaureanska.com\/index.php\/wp-json\/wp\/v2\/pages"}],"about":[{"href":"https:\/\/isaureanska.com\/index.php\/wp-json\/wp\/v2\/types\/page"}],"author":[{"embeddable":true,"href":"https:\/\/isaureanska.com\/index.php\/wp-json\/wp\/v2\/users\/1"}],"replies":[{"embeddable":true,"href":"https:\/\/isaureanska.com\/index.php\/wp-json\/wp\/v2\/comments?post=13"}],"version-history":[{"count":55,"href":"https:\/\/isaureanska.com\/index.php\/wp-json\/wp\/v2\/pages\/13\/revisions"}],"predecessor-version":[{"id":374,"href":"https:\/\/isaureanska.com\/index.php\/wp-json\/wp\/v2\/pages\/13\/revisions\/374"}],"wp:attachment":[{"href":"https:\/\/isaureanska.com\/index.php\/wp-json\/wp\/v2\/media?parent=13"}],"curies":[{"name":"wp","href":"https:\/\/api.w.org\/{rel}","templated":true}]}}