{"id":37,"date":"2018-01-02T14:19:39","date_gmt":"2018-01-02T13:19:39","guid":{"rendered":"http:\/\/isaureanska.com\/?page_id=37"},"modified":"2018-01-03T13:20:37","modified_gmt":"2018-01-03T12:20:37","slug":"presentation","status":"publish","type":"page","link":"https:\/\/isaureanska.com\/index.php\/presentation\/","title":{"rendered":"Pr\u00e9sentation"},"content":{"rendered":"<p>[vc_row][vc_column width=\u00a0\u00bb1\/2&Prime;][vc_single_image image=\u00a0\u00bb45&Prime; img_size=\u00a0\u00bbmedium\u00a0\u00bb alignment=\u00a0\u00bbcenter\u00a0\u00bb image_hovers=\u00a0\u00bbfalse\u00a0\u00bb][vc_empty_space height=\u00a0\u00bb20px\u00a0\u00bb][vc_single_image image=\u00a0\u00bb73&Prime; img_size=\u00a0\u00bbmedium\u00a0\u00bb alignment=\u00a0\u00bbcenter\u00a0\u00bb image_hovers=\u00a0\u00bbfalse\u00a0\u00bb][vc_empty_space height=\u00a0\u00bb60px\u00a0\u00bb][\/vc_column][vc_column width=\u00a0\u00bb1\/2&Prime;][vc_column_text]<strong>Isaure Anska<\/strong> vit et travaille a Paris.<br \/>\nElle d\u00e9couvre la photographie en 2006 apr\u00e8s des \u00e9tudes d\u2019architecture\u00a0d\u2019int\u00e9rieur, la photo deviendra sa passion et le souhait d\u2019un m\u00e9tier pour l\u2019avenir.<br \/>\nElle d\u00e9bute son travail par des s\u00e9ries d\u2019autoportraits dans lesquelles elle se met en sc\u00e8ne, apportant, pour chacune d\u2019elle, un univers\u00a0th\u00e9\u00e2tral\u00a0et surr\u00e9aliste, racontant une histoire, une \u00e9poque, un jour \u2026 Abandonnant un peu plus ses autoportraits, afin d\u2019\u00e9largir ses visions photographiques, elle commence \u00e0 travailler avec des mod\u00e8les, filles ou gar\u00e7ons, les\u00a0int\u00e9grant\u00a0\u00e0 l\u2019int\u00e9rieur de ses propres songes. Son travail devient plus visible par des collaborations et des publications dans diff\u00e9rentes revues d\u2019art. Apr\u00e9s des \u00e9tudes de photographies \u00e0 l&rsquo;\u00e9cole MJM Paris, elle d\u00e9cide de prendre un nouveau tournant dans sa carri\u00e8re \u00e0 l&rsquo;aube de sa trenti\u00e8me ann\u00e9e et d\u00e9bute une formation de Graphisme\/ Metteur en page. Ce qui lui apportera une nouvelle dimension au sein de son univers et de ses cr\u00e9ations divers.[\/vc_column_text][vc_empty_space height=\u00a0\u00bb60px\u00a0\u00bb][\/vc_column][\/vc_row][vc_row][vc_column][\/vc_column][\/vc_row]<\/p>\n","protected":false},"excerpt":{"rendered":"<p>[vc_row][vc_column width=\u00a0\u00bb1\/2&Prime;][vc_single_image image=\u00a0\u00bb45&Prime; img_size=\u00a0\u00bbmedium\u00a0\u00bb alignment=\u00a0\u00bbcenter\u00a0\u00bb image_hovers=\u00a0\u00bbfalse\u00a0\u00bb][vc_empty_space height=\u00a0\u00bb20px\u00a0\u00bb][vc_single_image image=\u00a0\u00bb73&Prime; img_size=\u00a0\u00bbmedium\u00a0\u00bb alignment=\u00a0\u00bbcenter\u00a0\u00bb image_hovers=\u00a0\u00bbfalse\u00a0\u00bb][vc_empty_space height=\u00a0\u00bb60px\u00a0\u00bb][\/vc_column][vc_column width=\u00a0\u00bb1\/2&Prime;][vc_column_text]Isaure Anska vit et travaille a Paris. Elle d\u00e9couvre la photographie en 2006 apr\u00e8s des \u00e9tudes d\u2019architecture\u00a0d\u2019int\u00e9rieur, la photo deviendra sa passion et le souhait d\u2019un m\u00e9tier pour l\u2019avenir. Elle d\u00e9bute son travail par des s\u00e9ries d\u2019autoportraits dans lesquelles elle se met en&hellip;<\/p>\n","protected":false},"author":1,"featured_media":0,"parent":0,"menu_order":0,"comment_status":"closed","ping_status":"closed","template":"","meta":[],"_links":{"self":[{"href":"https:\/\/isaureanska.com\/index.php\/wp-json\/wp\/v2\/pages\/37"}],"collection":[{"href":"https:\/\/isaureanska.com\/index.php\/wp-json\/wp\/v2\/pages"}],"about":[{"href":"https:\/\/isaureanska.com\/index.php\/wp-json\/wp\/v2\/types\/page"}],"author":[{"embeddable":true,"href":"https:\/\/isaureanska.com\/index.php\/wp-json\/wp\/v2\/users\/1"}],"replies":[{"embeddable":true,"href":"https:\/\/isaureanska.com\/index.php\/wp-json\/wp\/v2\/comments?post=37"}],"version-history":[{"count":38,"href":"https:\/\/isaureanska.com\/index.php\/wp-json\/wp\/v2\/pages\/37\/revisions"}],"predecessor-version":[{"id":194,"href":"https:\/\/isaureanska.com\/index.php\/wp-json\/wp\/v2\/pages\/37\/revisions\/194"}],"wp:attachment":[{"href":"https:\/\/isaureanska.com\/index.php\/wp-json\/wp\/v2\/media?parent=37"}],"curies":[{"name":"wp","href":"https:\/\/api.w.org\/{rel}","templated":true}]}}